{"id":2611,"date":"2025-08-26T16:08:23","date_gmt":"2025-08-26T16:08:23","guid":{"rendered":"https:\/\/miroirstyle.com\/?post_type=product&#038;p=2611"},"modified":"2025-08-26T16:15:26","modified_gmt":"2025-08-26T16:15:26","slug":"miroir-salone-de-coiffure-semi-ovale","status":"publish","type":"product","link":"https:\/\/miroirstyle.com\/?product=miroir-salone-de-coiffure-semi-ovale","title":{"rendered":"Miroir salone de coiffure Semi-Ovale"},"content":{"rendered":"<div class=\"elementor-column elementor-col-50 elementor-top-column elementor-element elementor-element-1e37be86\" data-id=\"1e37be86\" data-element_type=\"column\">\n<div class=\"elementor-widget-wrap elementor-element-populated\">\n<div class=\"elementor-element elementor-element-85db514 elementor-widget elementor-widget-wd_text_block\" data-id=\"85db514\" data-element_type=\"widget\" data-widget_type=\"wd_text_block.default\">\n<div class=\"elementor-widget-container\">\n<div class=\"wd-text-block reset-last-child text-left\">\n<h2><strong>Pourquoi choisir nos miroirs\u202f?<\/strong><\/h2>\n<\/div>\n<\/div>\n<\/div>\n<div class=\"elementor-element elementor-element-16323de elementor-widget elementor-widget-spacer\" data-id=\"16323de\" data-element_type=\"widget\" data-widget_type=\"spacer.default\">\n<div class=\"elementor-widget-container\">\n<div class=\"elementor-spacer\">\n<div class=\"elementor-spacer-inner\"><\/div>\n<\/div>\n<\/div>\n<\/div>\n<div class=\"elementor-element elementor-element-8a6d923 elementor-widget elementor-widget-wd_text_block\" data-id=\"8a6d923\" data-element_type=\"widget\" data-widget_type=\"wd_text_block.default\">\n<div class=\"elementor-widget-container\">\n<div class=\"wd-text-block reset-last-child text-left\">\n<p>Haute qualit\u00e9 : Miroirs de la marque\u00a0<strong>Saint-Gobain<\/strong>, fabriqu\u00e9s en<strong>\u00a0France<\/strong>, avec une \u00e9paisseur de\u00a0<strong>6\u202fmm<\/strong>. Mat\u00e9riaux durables et clart\u00e9 exceptionnelle.<\/p>\n<\/div>\n<\/div>\n<\/div>\n<div class=\"elementor-element elementor-element-4179074 elementor-widget elementor-widget-spacer\" data-id=\"4179074\" data-element_type=\"widget\" data-widget_type=\"spacer.default\">\n<div class=\"elementor-widget-container\">\n<div class=\"elementor-spacer\">\n<div class=\"elementor-spacer-inner\"><\/div>\n<\/div>\n<\/div>\n<\/div>\n<div class=\"elementor-element elementor-element-21b9698 elementor-widget elementor-widget-image\" data-id=\"21b9698\" data-element_type=\"widget\" data-widget_type=\"image.default\">\n<div class=\"elementor-widget-container\"><img fetchpriority=\"high\" decoding=\"async\" class=\"attachment-medium size-medium wp-image-47754\" src=\"https:\/\/decorat.ma\/wp-content\/uploads\/2024\/12\/Logo-Saint-Gobain-300x180.png\" sizes=\"(max-width: 300px) 100vw, 300px\" srcset=\"https:\/\/decorat.ma\/wp-content\/uploads\/2024\/12\/Logo-Saint-Gobain-300x180.png 300w, https:\/\/decorat.ma\/wp-content\/uploads\/2024\/12\/Logo-Saint-Gobain.png 600w\" alt=\"miroir saint gobain\" width=\"300\" height=\"180\" \/><\/div>\n<\/div>\n<div class=\"elementor-element elementor-element-065c09a elementor-widget elementor-widget-spacer\" data-id=\"065c09a\" data-element_type=\"widget\" data-widget_type=\"spacer.default\">\n<div class=\"elementor-widget-container\">\n<div class=\"elementor-spacer\">\n<div class=\"elementor-spacer-inner\"><\/div>\n<\/div>\n<\/div>\n<\/div>\n<div class=\"elementor-element elementor-element-f0085ab color-scheme-inherit text-left elementor-widget elementor-widget-text-editor\" data-id=\"f0085ab\" data-element_type=\"widget\" data-widget_type=\"text-editor.default\">\n<div class=\"elementor-widget-container\">\n<p>Pour plus d\u2019informations, contacter nous sur<a href=\"https:\/\/wa.me\/+212605854568\"><strong>Whatsapp\u00a0<\/strong><\/a>ou lire le Blog des\u00a0<strong><a href=\"https:\/\/miroirstyle.com\/product\/miroir-personnalise-pour-les-salons-de-coiffure-ovale\/?preview=true\">miroirs sallon de coiffeur<\/a><\/strong><\/p>\n<\/div>\n<\/div>\n<div class=\"elementor-element elementor-element-0f2c724 elementor-widget elementor-widget-spacer\" data-id=\"0f2c724\" data-element_type=\"widget\" data-widget_type=\"spacer.default\">\n<div class=\"elementor-widget-container\">\n<div class=\"elementor-spacer\">\n<div class=\"elementor-spacer-inner\">\n<p data-start=\"439\" data-end=\"747\">Ajoutez une touche d\u2019\u00e9l\u00e9gance et de modernit\u00e9 \u00e0 votre espace avec notre <strong data-start=\"511\" data-end=\"540\">miroir personnalis\u00e9 ovale<\/strong>, con\u00e7u sp\u00e9cialement pour les salons de coiffure. Alliant <strong data-start=\"598\" data-end=\"616\">design raffin\u00e9<\/strong> et <strong data-start=\"620\" data-end=\"654\">fonctionnalit\u00e9 professionnelle<\/strong>, ce miroir devient un v\u00e9ritable atout d\u00e9co tout en offrant un confort optimal \u00e0 vos clients.<\/p>\n<p data-start=\"749\" data-end=\"1098\">\ud83d\udd39 <strong data-start=\"752\" data-end=\"776\">Forme ovale \u00e9l\u00e9gante<\/strong> pour une ambiance douce et contemporaine<br data-start=\"817\" data-end=\"820\" \/>\ud83d\udd39 <strong data-start=\"823\" data-end=\"852\">Personnalisation possible<\/strong> (logo, nom du salon, citation)<br data-start=\"883\" data-end=\"886\" \/>\ud83d\udd39 <strong data-start=\"889\" data-end=\"916\">Finitions haut de gamme<\/strong> adapt\u00e9es \u00e0 un usage intensif<br data-start=\"945\" data-end=\"948\" \/>\ud83d\udd39 <strong data-start=\"951\" data-end=\"974\" data-is-only-node=\"\">Option LED int\u00e9gr\u00e9e<\/strong> (lumi\u00e8re blanche neutre pour un rendu fid\u00e8le des couleurs)<br data-start=\"1033\" data-end=\"1036\" \/>\ud83d\udd39 Id\u00e9al pour les <strong data-start=\"1054\" data-end=\"1098\">postes de coiffure individuels ou muraux<\/strong><\/p>\n<p data-start=\"1100\" data-end=\"1356\">Fabriqu\u00e9 avec des mat\u00e9riaux durables et un souci du d\u00e9tail, ce miroir s\u2019adapte \u00e0 tous les styles d\u2019int\u00e9rieur : minimaliste, moderne ou classique. Offrez \u00e0 vos clients une exp\u00e9rience visuelle unique tout en renfor\u00e7ant l\u2019image professionnelle de votre salon<\/p>\n<\/div>\n<\/div>\n<\/div>\n<\/div>\n<\/div>\n<\/div>\n<div class=\"elementor-column elementor-col-50 elementor-top-column elementor-element elementor-element-6fcc2fd8\" data-id=\"6fcc2fd8\" data-element_type=\"column\">\n<div class=\"elementor-widget-wrap elementor-element-populated\">\n<div class=\"elementor-element elementor-element-10f23b9 elementor-widget elementor-widget-spacer\" data-id=\"10f23b9\" data-element_type=\"widget\" data-widget_type=\"spacer.default\">\n<div class=\"elementor-widget-container\">\n<div class=\"elementor-spacer\">\n<div class=\"elementor-spacer-inner\"><\/div>\n<\/div>\n<\/div>\n<\/div>\n<div class=\"elementor-element elementor-element-f563f45 elementor-widget elementor-widget-wd_image_or_svg\" data-id=\"f563f45\" data-element_type=\"widget\" data-widget_type=\"wd_image_or_svg.default\">\n<div class=\"elementor-widget-container\">\n<div class=\"wd-image text-center\"><\/div>\n<\/div>\n<\/div>\n<\/div>\n<\/div>\n","protected":false},"excerpt":{"rendered":"<p>Pourquoi choisir nos miroirs\u202f? Haute qualit\u00e9 : Miroirs de la marque\u00a0Saint-Gobain, fabriqu\u00e9s en\u00a0France, avec une \u00e9paisseur de\u00a06\u202fmm. Mat\u00e9riaux durables et<\/p>\n","protected":false},"featured_media":2486,"comment_status":"closed","ping_status":"closed","template":"","meta":{"_joinchat":[]},"product_brand":[],"product_cat":[27],"product_tag":[],"class_list":{"0":"post-2611","1":"product","2":"type-product","3":"status-publish","4":"has-post-thumbnail","6":"product_cat-miroir-decoratifs","8":"first","9":"instock","10":"sale","11":"taxable","12":"shipping-taxable","13":"purchasable","14":"product-type-variable"},"jetpack_sharing_enabled":true,"_links":{"self":[{"href":"https:\/\/miroirstyle.com\/index.php?rest_route=\/wp\/v2\/product\/2611","targetHints":{"allow":["GET"]}}],"collection":[{"href":"https:\/\/miroirstyle.com\/index.php?rest_route=\/wp\/v2\/product"}],"about":[{"href":"https:\/\/miroirstyle.com\/index.php?rest_route=\/wp\/v2\/types\/product"}],"replies":[{"embeddable":true,"href":"https:\/\/miroirstyle.com\/index.php?rest_route=%2Fwp%2Fv2%2Fcomments&post=2611"}],"version-history":[{"count":1,"href":"https:\/\/miroirstyle.com\/index.php?rest_route=\/wp\/v2\/product\/2611\/revisions"}],"predecessor-version":[{"id":2622,"href":"https:\/\/miroirstyle.com\/index.php?rest_route=\/wp\/v2\/product\/2611\/revisions\/2622"}],"wp:featuredmedia":[{"embeddable":true,"href":"https:\/\/miroirstyle.com\/index.php?rest_route=\/wp\/v2\/media\/2486"}],"wp:attachment":[{"href":"https:\/\/miroirstyle.com\/index.php?rest_route=%2Fwp%2Fv2%2Fmedia&parent=2611"}],"wp:term":[{"taxonomy":"product_brand","embeddable":true,"href":"https:\/\/miroirstyle.com\/index.php?rest_route=%2Fwp%2Fv2%2Fproduct_brand&post=2611"},{"taxonomy":"product_cat","embeddable":true,"href":"https:\/\/miroirstyle.com\/index.php?rest_route=%2Fwp%2Fv2%2Fproduct_cat&post=2611"},{"taxonomy":"product_tag","embeddable":true,"href":"https:\/\/miroirstyle.com\/index.php?rest_route=%2Fwp%2Fv2%2Fproduct_tag&post=2611"}],"curies":[{"name":"wp","href":"https:\/\/api.w.org\/{rel}","templated":true}]}}