{"id":2873,"date":"2025-10-02T15:19:55","date_gmt":"2025-10-02T15:19:55","guid":{"rendered":"https:\/\/miroirstyle.com\/?post_type=product&#038;p=2873"},"modified":"2025-10-02T15:25:50","modified_gmt":"2025-10-02T15:25:50","slug":"miroir-rond-decoratif-salle-de-bain","status":"publish","type":"product","link":"https:\/\/miroirstyle.com\/?product=miroir-rond-decoratif-salle-de-bain","title":{"rendered":"Miroir Rond d\u00e9coratif salle de bain"},"content":{"rendered":"<div class=\"elementor-column elementor-col-50 elementor-top-column elementor-element elementor-element-1e37be86\" data-id=\"1e37be86\" data-element_type=\"column\">\n<div class=\"elementor-widget-wrap elementor-element-populated\">\n<div class=\"elementor-element elementor-element-85db514 elementor-widget elementor-widget-wd_text_block\" data-id=\"85db514\" data-element_type=\"widget\" data-widget_type=\"wd_text_block.default\">\n<div class=\"elementor-widget-container\">\n<div class=\"wd-text-block reset-last-child text-left\">\n<h2><strong>Pourquoi choisir nos miroirs\u202f?<\/strong><\/h2>\n<\/div>\n<\/div>\n<\/div>\n<div class=\"elementor-element elementor-element-16323de elementor-widget elementor-widget-spacer\" data-id=\"16323de\" data-element_type=\"widget\" data-widget_type=\"spacer.default\">\n<div class=\"elementor-widget-container\">\n<div class=\"elementor-spacer\">\n<div class=\"elementor-spacer-inner\"><\/div>\n<\/div>\n<\/div>\n<\/div>\n<div class=\"elementor-element elementor-element-8a6d923 elementor-widget elementor-widget-wd_text_block\" data-id=\"8a6d923\" data-element_type=\"widget\" data-widget_type=\"wd_text_block.default\">\n<div class=\"elementor-widget-container\">\n<div class=\"wd-text-block reset-last-child text-left\">\n<p>Haute qualit\u00e9 : Miroirs de la marque\u00a0<strong>Saint-Gobain<\/strong>, fabriqu\u00e9s en<strong>\u00a0France<\/strong>, avec une \u00e9paisseur de\u00a0<strong>6\u202fmm<\/strong>. Mat\u00e9riaux durables et clart\u00e9 exceptionnelle.<\/p>\n<\/div>\n<\/div>\n<\/div>\n<div class=\"elementor-element elementor-element-4179074 elementor-widget elementor-widget-spacer\" data-id=\"4179074\" data-element_type=\"widget\" data-widget_type=\"spacer.default\">\n<div class=\"elementor-widget-container\">\n<div class=\"elementor-spacer\">\n<div class=\"elementor-spacer-inner\"><\/div>\n<\/div>\n<\/div>\n<\/div>\n<div class=\"elementor-element elementor-element-21b9698 elementor-widget elementor-widget-image\" data-id=\"21b9698\" data-element_type=\"widget\" data-widget_type=\"image.default\">\n<div class=\"elementor-widget-container\"><img fetchpriority=\"high\" decoding=\"async\" class=\"attachment-medium size-medium wp-image-47754\" src=\"https:\/\/decorat.ma\/wp-content\/uploads\/2024\/12\/Logo-Saint-Gobain-300x180.png\" sizes=\"(max-width: 300px) 100vw, 300px\" srcset=\"https:\/\/decorat.ma\/wp-content\/uploads\/2024\/12\/Logo-Saint-Gobain-300x180.png 300w, https:\/\/decorat.ma\/wp-content\/uploads\/2024\/12\/Logo-Saint-Gobain.png 600w\" alt=\"miroir saint gobain\" width=\"300\" height=\"180\" \/><\/div>\n<\/div>\n<div class=\"elementor-element elementor-element-065c09a elementor-widget elementor-widget-spacer\" data-id=\"065c09a\" data-element_type=\"widget\" data-widget_type=\"spacer.default\">\n<div class=\"elementor-widget-container\">\n<div class=\"elementor-spacer\">\n<div class=\"elementor-spacer-inner\"><\/div>\n<\/div>\n<\/div>\n<\/div>\n<div class=\"elementor-element elementor-element-f0085ab color-scheme-inherit text-left elementor-widget elementor-widget-text-editor\" data-id=\"f0085ab\" data-element_type=\"widget\" data-widget_type=\"text-editor.default\">\n<div class=\"elementor-widget-container\">\n<p>Pour plus d\u2019informations, contacter nous sur<a href=\"https:\/\/wa.me\/+212605854568\"><strong>Whatsapp\u00a0<\/strong><\/a>ou lire le Blog des\u00a0<strong><a href=\"https:\/\/miroirstyle.com\/?product_cat=miroir-salle-de-bain\">miroirs salle de bain<\/a><\/strong><\/p>\n<\/div>\n<\/div>\n<div class=\"elementor-element elementor-element-0f2c724 elementor-widget elementor-widget-spacer\" data-id=\"0f2c724\" data-element_type=\"widget\" data-widget_type=\"spacer.default\">\n<div class=\"elementor-widget-container\">\n<div class=\"elementor-spacer\">\n<div class=\"elementor-spacer-inner\"><\/div>\n<\/div>\n<\/div>\n<\/div>\n<\/div>\n<\/div>\n<div class=\"elementor-column elementor-col-50 elementor-top-column elementor-element elementor-element-6fcc2fd8\" data-id=\"6fcc2fd8\" data-element_type=\"column\">\n<div class=\"elementor-widget-wrap elementor-element-populated\">\n<div class=\"elementor-element elementor-element-34be303 elementor-widget elementor-widget-wd_text_block\" data-id=\"34be303\" data-element_type=\"widget\" data-widget_type=\"wd_text_block.default\">\n<div class=\"elementor-widget-container\">\n<div class=\"wd-text-block reset-last-child text-left\">\n<h2><strong>Miroir mural design galet lumineux<\/strong><\/h2>\n<\/div>\n<\/div>\n<\/div>\n<div class=\"elementor-element elementor-element-6373129 elementor-widget elementor-widget-spacer\" data-id=\"6373129\" data-element_type=\"widget\" data-widget_type=\"spacer.default\">\n<div class=\"elementor-widget-container\">\n<div class=\"elementor-spacer\">\n<div class=\"elementor-spacer-inner\"><\/div>\n<\/div>\n<\/div>\n<\/div>\n<div class=\"elementor-element elementor-element-5e79b2c0 elementor-widget elementor-widget-wd_text_block\" data-id=\"5e79b2c0\" data-element_type=\"widget\" data-widget_type=\"wd_text_block.default\">\n<div class=\"elementor-widget-container\">\n<div class=\"wd-text-block reset-last-child text-left\">\n<p>S\u00e9lectionner un miroir mural au design \u00e9l\u00e9gant et bien \u00e9clair\u00e9 permet une excellente visibilit\u00e9 tout en \u00e9liminant les zones d\u2019ombre.<\/p>\n<\/div>\n<\/div>\n<\/div>\n<div class=\"elementor-element elementor-element-10f23b9 elementor-widget elementor-widget-spacer\" data-id=\"10f23b9\" data-element_type=\"widget\" data-widget_type=\"spacer.default\">\n<div class=\"elementor-widget-container\">\n<div class=\"elementor-spacer\">\n<div class=\"elementor-spacer-inner\"><\/div>\n<\/div>\n<\/div>\n<\/div>\n<div class=\"elementor-element elementor-element-f563f45 elementor-widget elementor-widget-wd_image_or_svg\" data-id=\"f563f45\" data-element_type=\"widget\" data-widget_type=\"wd_image_or_svg.default\">\n<div class=\"elementor-widget-container\">\n<div class=\"wd-image text-center\"><\/div>\n<\/div>\n<\/div>\n<div class=\"elementor-element elementor-element-3980f27 elementor-widget elementor-widget-spacer\" data-id=\"3980f27\" data-element_type=\"widget\" data-widget_type=\"spacer.default\">\n<div class=\"elementor-widget-container\">\n<div class=\"elementor-spacer\"><\/div>\n<\/div>\n<\/div>\n<\/div>\n<\/div>\n","protected":false},"excerpt":{"rendered":"<div class=\"elementor-element elementor-element-f17d9ed elementor-hidden-mobile wd-single-short-desc text-left elementor-widget elementor-widget-wd_single_product_short_description\" data-id=\"f17d9ed\" data-element_type=\"widget\" data-widget_type=\"wd_single_product_short_description.default\">\n<div class=\"elementor-widget-container\">\n<div class=\"woocommerce-product-details__short-description\">\n<ul>\n<li>Am\u00e9liorez la luminosit\u00e9 et l\u2019esth\u00e9tique de votre salle de bain en un clin d\u2019\u0153il gr\u00e2ce \u00e0 notre miroir haut de gamme.<\/li>\n<li>Disponible en diff\u00e9rentes tailles pour r\u00e9pondre \u00e0 vos besoins sp\u00e9cifiques en mati\u00e8re d\u2019espace et de style.<\/li>\n<li>L\u2019\u00e9clairage LED donne plus d\u2019\u00e9l\u00e9gance \u00e0 votre miroir salle de bain.<\/li>\n<\/ul>\n<\/div>\n<\/div>\n<\/div>\n<div class=\"elementor-element elementor-element-4f0eec7 elementor-widget elementor-widget-spacer\" data-id=\"4f0eec7\" data-element_type=\"widget\" data-widget_type=\"spacer.default\">\n<div class=\"elementor-widget-container\">\n<div class=\"elementor-spacer\">\n<div class=\"elementor-spacer-inner\"><\/div>\n<\/div>\n<\/div>\n<\/div>\n<div class=\"elementor-element elementor-element-ac528b8 elementor-hidden-mobile elementor-show-heading-yes elementor-widget elementor-widget-woocommerce-product-additional-information\" data-id=\"ac528b8\" data-element_type=\"widget\" data-widget_type=\"woocommerce-product-additional-information.default\">\n<div class=\"elementor-widget-container\">\n<table class=\"woocommerce-product-attributes shop_attributes\" style=\"height: 404px;\" width=\"406\" aria-label=\"D\u00e9tails du produit\">\n<tbody>\n<tr class=\"woocommerce-product-attributes-item woocommerce-product-attributes-item--attribute_marque\">\n<th class=\"woocommerce-product-attributes-item__label\" scope=\"row\"><span class=\"wd-attr-name\"><span class=\"wd-attr-name-label\">Marque<\/span><\/span><\/th>\n<td class=\"woocommerce-product-attributes-item__value\">Saint Gobain<\/td>\n<\/tr>\n<tr class=\"woocommerce-product-attributes-item woocommerce-product-attributes-item--attribute_pa_poids\">\n<th class=\"woocommerce-product-attributes-item__label\" scope=\"row\"><span class=\"wd-attr-name\"><span class=\"wd-attr-name-label\">Poids<\/span><\/span><\/th>\n<td class=\"woocommerce-product-attributes-item__value\">6 Kg<\/td>\n<\/tr>\n<tr class=\"woocommerce-product-attributes-item woocommerce-product-attributes-item--attribute_pa_dimension\">\n<th class=\"woocommerce-product-attributes-item__label\" scope=\"row\"><span class=\"wd-attr-name\"><span class=\"wd-attr-name-label\">Dimension<\/span><\/span><\/th>\n<td class=\"woocommerce-product-attributes-item__value\">100 cm x 50 cm<\/p>\n<p>,120 cm x 60 cm<\/p>\n<p>,140 x 70 cm<\/td>\n<\/tr>\n<tr class=\"woocommerce-product-attributes-item woocommerce-product-attributes-item--attribute_fonctionnement\">\n<th class=\"woocommerce-product-attributes-item__label\" scope=\"row\"><span class=\"wd-attr-name\"><span class=\"wd-attr-name-label\">Fonctionnement<\/span><\/span><\/th>\n<td class=\"woocommerce-product-attributes-item__value\">Branchement Direct<\/td>\n<\/tr>\n<\/tbody>\n<\/table>\n<\/div>\n<\/div>\n","protected":false},"featured_media":2799,"comment_status":"closed","ping_status":"closed","template":"","meta":{"_joinchat":[]},"product_brand":[],"product_cat":[92],"product_tag":[],"class_list":{"0":"post-2873","1":"product","2":"type-product","3":"status-publish","4":"has-post-thumbnail","6":"product_cat-miroir-salle-de-bain","8":"first","9":"instock","10":"sale","11":"taxable","12":"shipping-taxable","13":"purchasable","14":"product-type-variable"},"jetpack_sharing_enabled":true,"_links":{"self":[{"href":"https:\/\/miroirstyle.com\/index.php?rest_route=\/wp\/v2\/product\/2873","targetHints":{"allow":["GET"]}}],"collection":[{"href":"https:\/\/miroirstyle.com\/index.php?rest_route=\/wp\/v2\/product"}],"about":[{"href":"https:\/\/miroirstyle.com\/index.php?rest_route=\/wp\/v2\/types\/product"}],"replies":[{"embeddable":true,"href":"https:\/\/miroirstyle.com\/index.php?rest_route=%2Fwp%2Fv2%2Fcomments&post=2873"}],"version-history":[{"count":1,"href":"https:\/\/miroirstyle.com\/index.php?rest_route=\/wp\/v2\/product\/2873\/revisions"}],"predecessor-version":[{"id":2879,"href":"https:\/\/miroirstyle.com\/index.php?rest_route=\/wp\/v2\/product\/2873\/revisions\/2879"}],"wp:featuredmedia":[{"embeddable":true,"href":"https:\/\/miroirstyle.com\/index.php?rest_route=\/wp\/v2\/media\/2799"}],"wp:attachment":[{"href":"https:\/\/miroirstyle.com\/index.php?rest_route=%2Fwp%2Fv2%2Fmedia&parent=2873"}],"wp:term":[{"taxonomy":"product_brand","embeddable":true,"href":"https:\/\/miroirstyle.com\/index.php?rest_route=%2Fwp%2Fv2%2Fproduct_brand&post=2873"},{"taxonomy":"product_cat","embeddable":true,"href":"https:\/\/miroirstyle.com\/index.php?rest_route=%2Fwp%2Fv2%2Fproduct_cat&post=2873"},{"taxonomy":"product_tag","embeddable":true,"href":"https:\/\/miroirstyle.com\/index.php?rest_route=%2Fwp%2Fv2%2Fproduct_tag&post=2873"}],"curies":[{"name":"wp","href":"https:\/\/api.w.org\/{rel}","templated":true}]}}